{"id":928,"date":"2022-10-17T14:57:18","date_gmt":"2022-10-17T14:57:18","guid":{"rendered":"https:\/\/krocokar.com.br\/?page_id=928"},"modified":"2022-10-17T18:54:58","modified_gmt":"2022-10-17T18:54:58","slug":"elementor-928","status":"publish","type":"page","link":"https:\/\/krocokar.com.br\/index.php\/elementor-928\/","title":{"rendered":"PELICULA PPF"},"content":{"rendered":"<div class=\"post-content\">\t\t<div data-elementor-type=\"wp-page\" data-elementor-id=\"928\" class=\"elementor elementor-928\">\n\t\t\t\t\t\t\t\t\t<section class=\"elementor-section elementor-top-section elementor-element elementor-element-e3f60f2 elementor-section-full_width elementor-section-height-default elementor-section-height-default\" data-id=\"e3f60f2\" data-element_type=\"section\" data-settings=\"{&quot;background_background&quot;:&quot;classic&quot;}\">\n\t\t\t\t\t\t<div class=\"elementor-container elementor-column-gap-default\">\n\t\t\t\t\t<div class=\"elementor-column elementor-col-50 elementor-top-column elementor-element elementor-element-ef7473d\" data-id=\"ef7473d\" data-element_type=\"column\">\n\t\t\t<div class=\"elementor-widget-wrap elementor-element-populated\">\n\t\t\t\t\t\t\t\t<div class=\"elementor-element elementor-element-3a45c5b elementor-widget elementor-widget-image\" data-id=\"3a45c5b\" data-element_type=\"widget\" data-widget_type=\"image.default\">\n\t\t\t\t<div class=\"elementor-widget-container\">\n\t\t\t<style>\/*! elementor - v3.7.6 - 15-09-2022 *\/\n.elementor-widget-image{text-align:center}.elementor-widget-image a{display:inline-block}.elementor-widget-image a img[src$=\".svg\"]{width:48px}.elementor-widget-image img{vertical-align:middle;display:inline-block}<\/style>\t\t\t\t\t\t\t\t\t\t\t\t<img width=\"640\" height=\"509\" src=\"https:\/\/krocokar.com.br\/wp-content\/uploads\/2022\/10\/amarelo.jpg\" class=\"attachment-large size-large\" alt=\"\" loading=\"lazy\" srcset=\"https:\/\/krocokar.com.br\/wp-content\/uploads\/2022\/10\/amarelo.jpg 676w, https:\/\/krocokar.com.br\/wp-content\/uploads\/2022\/10\/amarelo-300x239.jpg 300w, https:\/\/krocokar.com.br\/wp-content\/uploads\/2022\/10\/amarelo-600x478.jpg 600w\" sizes=\"(max-width: 640px) 100vw, 640px\" \/>\t\t\t\t\t\t\t\t\t\t\t\t\t\t\t<\/div>\n\t\t\t\t<\/div>\n\t\t\t\t\t<\/div>\n\t\t<\/div>\n\t\t\t\t<div class=\"elementor-column elementor-col-50 elementor-top-column elementor-element elementor-element-bca0888\" data-id=\"bca0888\" data-element_type=\"column\">\n\t\t\t<div class=\"elementor-widget-wrap elementor-element-populated\">\n\t\t\t\t\t\t\t\t<div class=\"elementor-element elementor-element-ffe4b6d elementor-widget elementor-widget-image\" data-id=\"ffe4b6d\" data-element_type=\"widget\" data-widget_type=\"image.default\">\n\t\t\t\t<div class=\"elementor-widget-container\">\n\t\t\t\t\t\t\t\t\t\t\t\t\t\t\t<img width=\"640\" height=\"480\" src=\"https:\/\/krocokar.com.br\/wp-content\/uploads\/2022\/10\/694675ab-5e62-4ed7-9b08-dea6810ce7d4-1-1024x768.jpg\" class=\"attachment-large size-large\" alt=\"\" loading=\"lazy\" srcset=\"https:\/\/krocokar.com.br\/wp-content\/uploads\/2022\/10\/694675ab-5e62-4ed7-9b08-dea6810ce7d4-1-1024x768.jpg 1024w, https:\/\/krocokar.com.br\/wp-content\/uploads\/2022\/10\/694675ab-5e62-4ed7-9b08-dea6810ce7d4-1-300x225.jpg 300w, https:\/\/krocokar.com.br\/wp-content\/uploads\/2022\/10\/694675ab-5e62-4ed7-9b08-dea6810ce7d4-1-768x576.jpg 768w, https:\/\/krocokar.com.br\/wp-content\/uploads\/2022\/10\/694675ab-5e62-4ed7-9b08-dea6810ce7d4-1-1536x1152.jpg 1536w, https:\/\/krocokar.com.br\/wp-content\/uploads\/2022\/10\/694675ab-5e62-4ed7-9b08-dea6810ce7d4-1-600x450.jpg 600w, https:\/\/krocokar.com.br\/wp-content\/uploads\/2022\/10\/694675ab-5e62-4ed7-9b08-dea6810ce7d4-1.jpg 1600w\" sizes=\"(max-width: 640px) 100vw, 640px\" \/>\t\t\t\t\t\t\t\t\t\t\t\t\t\t\t<\/div>\n\t\t\t\t<\/div>\n\t\t\t\t\t<\/div>\n\t\t<\/div>\n\t\t\t\t\t\t\t<\/div>\n\t\t<\/section>\n\t\t\t\t<section class=\"elementor-section elementor-top-section elementor-element elementor-element-f1c54f0 elementor-section-full_width elementor-section-height-default elementor-section-height-default\" data-id=\"f1c54f0\" data-element_type=\"section\">\n\t\t\t\t\t\t<div class=\"elementor-container elementor-column-gap-default\">\n\t\t\t\t\t<div class=\"elementor-column elementor-col-100 elementor-top-column elementor-element elementor-element-6e85396\" data-id=\"6e85396\" data-element_type=\"column\">\n\t\t\t<div class=\"elementor-widget-wrap elementor-element-populated\">\n\t\t\t\t\t\t\t\t<div class=\"elementor-element elementor-element-8d36ee4 elementor-widget elementor-widget-text-editor\" data-id=\"8d36ee4\" data-element_type=\"widget\" data-widget_type=\"text-editor.default\">\n\t\t\t\t<div class=\"elementor-widget-container\">\n\t\t\t<style>\/*! elementor - v3.7.6 - 15-09-2022 *\/\n.elementor-widget-text-editor.elementor-drop-cap-view-stacked .elementor-drop-cap{background-color:#818a91;color:#fff}.elementor-widget-text-editor.elementor-drop-cap-view-framed .elementor-drop-cap{color:#818a91;border:3px solid;background-color:transparent}.elementor-widget-text-editor:not(.elementor-drop-cap-view-default) .elementor-drop-cap{margin-top:8px}.elementor-widget-text-editor:not(.elementor-drop-cap-view-default) .elementor-drop-cap-letter{width:1em;height:1em}.elementor-widget-text-editor .elementor-drop-cap{float:left;text-align:center;line-height:1;font-size:50px}.elementor-widget-text-editor .elementor-drop-cap-letter{display:inline-block}<\/style>\t\t\t\t<p><b>PPF<\/b>\u00a0(Paint Protection Film),\u00a0<b>significa<\/b> Pel\u00edcula de Prote\u00e7\u00e3o de Pintura, \u00e9 um tipo de filme\/adesivo termopl\u00e1stico transparente com poliuretano de alta resist\u00eancia, este material \u00e9 utilizado na aplica\u00e7\u00e3o da superf\u00edcie de ve\u00edculos para previnir danos a pintura original, o material tamb\u00e9m \u00e9 hidrof\u00f3bico.<\/p>\t\t\t\t\t\t<\/div>\n\t\t\t\t<\/div>\n\t\t\t\t\t<\/div>\n\t\t<\/div>\n\t\t\t\t\t\t\t<\/div>\n\t\t<\/section>\n\t\t\t\t\t\t\t<\/div>\n\t\t<\/div>","protected":false},"excerpt":{"rendered":"<div class=\"entry-content-stat post-content\"><p>PPF\u00a0(Paint Protection Film),\u00a0significa Pel\u00edcula de Prote\u00e7\u00e3o de Pintura, \u00e9 um tipo de filme\/adesivo termopl\u00e1stico transparente com poliuretano de alta resist\u00eancia,<\/p>\n<\/div><a href=\"https:\/\/krocokar.com.br\/index.php\/elementor-928\/\">Saiba mais!<i class=\"fa fa-long-arrow-right\" aria-hidden=\"true\"><\/i><\/a>","protected":false},"author":1,"featured_media":0,"parent":0,"menu_order":0,"comment_status":"closed","ping_status":"closed","template":"","meta":{"om_disable_all_campaigns":false,"_monsterinsights_skip_tracking":false,"_monsterinsights_sitenote_active":false,"_monsterinsights_sitenote_note":"","_monsterinsights_sitenote_category":0},"aioseo_notices":[],"_links":{"self":[{"href":"https:\/\/krocokar.com.br\/index.php\/wp-json\/wp\/v2\/pages\/928"}],"collection":[{"href":"https:\/\/krocokar.com.br\/index.php\/wp-json\/wp\/v2\/pages"}],"about":[{"href":"https:\/\/krocokar.com.br\/index.php\/wp-json\/wp\/v2\/types\/page"}],"author":[{"embeddable":true,"href":"https:\/\/krocokar.com.br\/index.php\/wp-json\/wp\/v2\/users\/1"}],"replies":[{"embeddable":true,"href":"https:\/\/krocokar.com.br\/index.php\/wp-json\/wp\/v2\/comments?post=928"}],"version-history":[{"count":15,"href":"https:\/\/krocokar.com.br\/index.php\/wp-json\/wp\/v2\/pages\/928\/revisions"}],"predecessor-version":[{"id":1049,"href":"https:\/\/krocokar.com.br\/index.php\/wp-json\/wp\/v2\/pages\/928\/revisions\/1049"}],"wp:attachment":[{"href":"https:\/\/krocokar.com.br\/index.php\/wp-json\/wp\/v2\/media?parent=928"}],"curies":[{"name":"wp","href":"https:\/\/api.w.org\/{rel}","templated":true}]}}