{"id":20,"date":"2022-09-14T16:59:48","date_gmt":"2022-09-14T16:59:48","guid":{"rendered":"https:\/\/krocokar.com.br\/?page_id=20"},"modified":"2022-10-05T11:07:13","modified_gmt":"2022-10-05T11:07:13","slug":"krocokar","status":"publish","type":"page","link":"https:\/\/krocokar.com.br\/index.php\/krocokar\/","title":{"rendered":"Krocokar"},"content":{"rendered":"<div class=\"post-content\">\n<figure class=\"wp-block-image alignfull size-full\"><img loading=\"lazy\" width=\"645\" height=\"208\" src=\"https:\/\/krocokar.com.br\/wp-content\/uploads\/2022\/09\/TEXT-1.jpg\" alt=\"\" class=\"wp-image-334\" srcset=\"https:\/\/krocokar.com.br\/wp-content\/uploads\/2022\/09\/TEXT-1.jpg 645w, https:\/\/krocokar.com.br\/wp-content\/uploads\/2022\/09\/TEXT-1-300x97.jpg 300w, https:\/\/krocokar.com.br\/wp-content\/uploads\/2022\/09\/TEXT-1-600x193.jpg 600w\" sizes=\"(max-width: 645px) 100vw, 645px\" \/><\/figure>\n\n\n\n<p class=\"has-text-align-center\"><strong>KROCOKAR<\/strong> (SITE EM CONSTRU\u00c7\u00c3O)<\/p>\n\n\n\n<p><\/p>\n\n\n\n<p class=\"has-text-align-center\">Loja de customiza\u00e7\u00e3o de ve\u00edculos, especializada em envelopamento, film, projeto de som e v\u00eddeo. Desde 1979 realizando sonhos e deixando carros \u00fanicos<\/p>\n\n\n\n<div class=\"wp-container-4 wp-block-columns\">\n<div class=\"wp-container-1 wp-block-column\"><div class=\"wp-block-image\">\n<figure class=\"aligncenter size-full\"><img loading=\"lazy\" width=\"286\" height=\"42\" src=\"https:\/\/krocokar.com.br\/wp-content\/uploads\/2022\/09\/ICON-CAR-1.png\" alt=\"\" class=\"wp-image-366\"\/><\/figure><\/div>\n\n\n<p class=\"has-text-align-center\">Envelopamento Teto e Total, Kit Black Chome Delete(Mudan\u00e7a de cromados em preto brilhante) Mudan\u00e7a de cor e envelopamento fosco. Pintura de Rodas &amp; pin\u00e7as. Pel\u00edcula de Vidros. Prote\u00e7\u00e3o de pintura PPF!<\/p>\n<\/div>\n\n\n\n<div class=\"wp-container-2 wp-block-column\"><div class=\"wp-block-image\">\n<figure class=\"aligncenter size-full\"><img loading=\"lazy\" width=\"286\" height=\"42\" src=\"https:\/\/krocokar.com.br\/wp-content\/uploads\/2022\/09\/ICON-SOUND.png\" alt=\"\" class=\"wp-image-363\"\/><\/figure><\/div>\n\n\n<p class=\"has-text-align-center\">Projetos especiais de Audio e Video. Multimidias, CarPlay e outros!<\/p>\n<\/div>\n\n\n\n<div class=\"wp-container-3 wp-block-column\"><div class=\"wp-block-image\">\n<figure class=\"aligncenter size-full\"><img loading=\"lazy\" width=\"286\" height=\"42\" src=\"https:\/\/krocokar.com.br\/wp-content\/uploads\/2022\/09\/ICON-ACESSORIOS.png\" alt=\"\" class=\"wp-image-364\"\/><\/figure><\/div>\n\n\n<p class=\"has-text-align-center\">Engates , Chip de Pot\u00eancia, Lampadas de LED, Aerof\u00f3lios e demais outros acess\u00f3rios!<\/p>\n<\/div>\n<\/div>\n\n\n\n<hr class=\"wp-block-separator has-alpha-channel-opacity is-style-wide\"\/>\n\n\n\n<p class=\"has-text-align-center has-white-color has-text-color has-background\" style=\"background-color:#00000000\"><strong>SERVI\u00c7OS EM DESTAQUES<\/strong><\/p>\n\n\n\n<div class=\"wp-container-7 wp-block-columns\">\n<div class=\"wp-container-5 wp-block-column is-vertically-aligned-bottom\">\n<figure class=\"wp-block-image size-full is-resized\"><img loading=\"lazy\" src=\"https:\/\/krocokar.com.br\/wp-content\/uploads\/2022\/10\/SITE_13-1.jpg\" alt=\"\" class=\"wp-image-428\" width=\"576\" height=\"448\" srcset=\"https:\/\/krocokar.com.br\/wp-content\/uploads\/2022\/10\/SITE_13-1.jpg 682w, https:\/\/krocokar.com.br\/wp-content\/uploads\/2022\/10\/SITE_13-1-300x234.jpg 300w, https:\/\/krocokar.com.br\/wp-content\/uploads\/2022\/10\/SITE_13-1-600x468.jpg 600w\" sizes=\"(max-width: 576px) 100vw, 576px\" \/><\/figure>\n<\/div>\n\n\n\n<div class=\"wp-container-6 wp-block-column\">\n<figure class=\"wp-block-image size-full is-resized\"><img loading=\"lazy\" src=\"https:\/\/krocokar.com.br\/wp-content\/uploads\/2022\/10\/SITE_04-2.jpg\" alt=\"\" class=\"wp-image-418\" width=\"593\" height=\"441\" srcset=\"https:\/\/krocokar.com.br\/wp-content\/uploads\/2022\/10\/SITE_04-2.jpg 659w, https:\/\/krocokar.com.br\/wp-content\/uploads\/2022\/10\/SITE_04-2-300x224.jpg 300w, https:\/\/krocokar.com.br\/wp-content\/uploads\/2022\/10\/SITE_04-2-600x447.jpg 600w\" sizes=\"(max-width: 593px) 100vw, 593px\" \/><\/figure>\n<\/div>\n<\/div>\n\n\n\n<div class=\"wp-container-10 wp-block-columns\">\n<div class=\"wp-container-8 wp-block-column\">\n<figure class=\"wp-block-image size-full is-resized\"><img loading=\"lazy\" src=\"https:\/\/krocokar.com.br\/wp-content\/uploads\/2022\/10\/SITE_06.jpg\" alt=\"\" class=\"wp-image-440\" width=\"596\" height=\"463\" srcset=\"https:\/\/krocokar.com.br\/wp-content\/uploads\/2022\/10\/SITE_06.jpg 639w, https:\/\/krocokar.com.br\/wp-content\/uploads\/2022\/10\/SITE_06-300x233.jpg 300w, https:\/\/krocokar.com.br\/wp-content\/uploads\/2022\/10\/SITE_06-600x467.jpg 600w\" sizes=\"(max-width: 596px) 100vw, 596px\" \/><\/figure>\n<\/div>\n\n\n\n<div class=\"wp-container-9 wp-block-column\">\n<figure class=\"wp-block-image size-full is-resized\"><img loading=\"lazy\" src=\"https:\/\/krocokar.com.br\/wp-content\/uploads\/2022\/10\/SITE_07.jpg\" alt=\"\" class=\"wp-image-442\" width=\"614\" height=\"462\" srcset=\"https:\/\/krocokar.com.br\/wp-content\/uploads\/2022\/10\/SITE_07.jpg 659w, https:\/\/krocokar.com.br\/wp-content\/uploads\/2022\/10\/SITE_07-300x226.jpg 300w\" sizes=\"(max-width: 614px) 100vw, 614px\" \/><\/figure>\n<\/div>\n<\/div>\n\n\n\n<div class=\"wp-container-13 wp-block-columns\">\n<div class=\"wp-container-11 wp-block-column\">\n<figure class=\"wp-block-image size-full is-resized\"><img loading=\"lazy\" src=\"https:\/\/krocokar.com.br\/wp-content\/uploads\/2022\/10\/SITE_08.jpg\" alt=\"\" class=\"wp-image-444\" width=\"618\" height=\"480\" srcset=\"https:\/\/krocokar.com.br\/wp-content\/uploads\/2022\/10\/SITE_08.jpg 639w, https:\/\/krocokar.com.br\/wp-content\/uploads\/2022\/10\/SITE_08-300x233.jpg 300w, https:\/\/krocokar.com.br\/wp-content\/uploads\/2022\/10\/SITE_08-600x467.jpg 600w\" sizes=\"(max-width: 618px) 100vw, 618px\" \/><\/figure>\n<\/div>\n\n\n\n<div class=\"wp-container-12 wp-block-column\">\n<figure class=\"wp-block-image size-full is-resized\"><img loading=\"lazy\" src=\"https:\/\/krocokar.com.br\/wp-content\/uploads\/2022\/10\/SITE_09.jpg\" alt=\"\" class=\"wp-image-446\" width=\"632\" height=\"477\" srcset=\"https:\/\/krocokar.com.br\/wp-content\/uploads\/2022\/10\/SITE_09.jpg 659w, https:\/\/krocokar.com.br\/wp-content\/uploads\/2022\/10\/SITE_09-300x227.jpg 300w, https:\/\/krocokar.com.br\/wp-content\/uploads\/2022\/10\/SITE_09-600x453.jpg 600w\" sizes=\"(max-width: 632px) 100vw, 632px\" \/><\/figure>\n<\/div>\n<\/div>\n\n\n\n<div class=\"wp-container-17 wp-block-columns are-vertically-aligned-center has-background\" style=\"background:linear-gradient(135deg,rgb(227,194,7) 0%,rgb(224,184,81) 96%)\">\n<div class=\"wp-container-14 wp-block-column is-vertically-aligned-center\">\n<figure class=\"wp-block-image size-full\"><img loading=\"lazy\" width=\"1000\" height=\"667\" src=\"https:\/\/krocokar.com.br\/wp-content\/uploads\/2022\/09\/envelopamento-1.jpg\" alt=\"\" class=\"wp-image-128\" srcset=\"https:\/\/krocokar.com.br\/wp-content\/uploads\/2022\/09\/envelopamento-1.jpg 1000w, https:\/\/krocokar.com.br\/wp-content\/uploads\/2022\/09\/envelopamento-1-300x200.jpg 300w, https:\/\/krocokar.com.br\/wp-content\/uploads\/2022\/09\/envelopamento-1-768x512.jpg 768w, https:\/\/krocokar.com.br\/wp-content\/uploads\/2022\/09\/envelopamento-1-600x400.jpg 600w\" sizes=\"(max-width: 1000px) 100vw, 1000px\" \/><\/figure>\n\n\n\n<p class=\"has-text-align-center\"><strong>EMVELOPAMENTO<\/strong><\/p>\n<\/div>\n\n\n\n<div class=\"wp-container-15 wp-block-column is-vertically-aligned-center\">\n<figure class=\"wp-block-image size-large\"><img loading=\"lazy\" width=\"1024\" height=\"768\" src=\"https:\/\/krocokar.com.br\/wp-content\/uploads\/2022\/09\/WhatsApp-Image-2022-09-19-at-13.43.48-1024x768.jpeg\" alt=\"\" class=\"wp-image-137\" srcset=\"https:\/\/krocokar.com.br\/wp-content\/uploads\/2022\/09\/WhatsApp-Image-2022-09-19-at-13.43.48-1024x768.jpeg 1024w, https:\/\/krocokar.com.br\/wp-content\/uploads\/2022\/09\/WhatsApp-Image-2022-09-19-at-13.43.48-300x225.jpeg 300w, https:\/\/krocokar.com.br\/wp-content\/uploads\/2022\/09\/WhatsApp-Image-2022-09-19-at-13.43.48-768x576.jpeg 768w, https:\/\/krocokar.com.br\/wp-content\/uploads\/2022\/09\/WhatsApp-Image-2022-09-19-at-13.43.48-1536x1152.jpeg 1536w, https:\/\/krocokar.com.br\/wp-content\/uploads\/2022\/09\/WhatsApp-Image-2022-09-19-at-13.43.48-600x450.jpeg 600w, https:\/\/krocokar.com.br\/wp-content\/uploads\/2022\/09\/WhatsApp-Image-2022-09-19-at-13.43.48.jpeg 1600w\" sizes=\"(max-width: 1024px) 100vw, 1024px\" \/><\/figure>\n\n\n\n<p class=\"has-text-align-center\"><strong>MULTIM\u00cdDIA ANDROID<\/strong><\/p>\n<\/div>\n\n\n\n<div class=\"wp-container-16 wp-block-column is-vertically-aligned-center\">\n<figure class=\"wp-block-image alignfull size-full\"><img loading=\"lazy\" width=\"1000\" height=\"667\" src=\"https:\/\/krocokar.com.br\/wp-content\/uploads\/2022\/09\/ppf.jpg\" alt=\"\" class=\"wp-image-88\" srcset=\"https:\/\/krocokar.com.br\/wp-content\/uploads\/2022\/09\/ppf.jpg 1000w, https:\/\/krocokar.com.br\/wp-content\/uploads\/2022\/09\/ppf-300x200.jpg 300w, https:\/\/krocokar.com.br\/wp-content\/uploads\/2022\/09\/ppf-768x512.jpg 768w, https:\/\/krocokar.com.br\/wp-content\/uploads\/2022\/09\/ppf-600x400.jpg 600w\" sizes=\"(max-width: 1000px) 100vw, 1000px\" \/><\/figure>\n\n\n\n<p class=\"has-text-align-center\"><strong>PPF<\/strong><\/p>\n<\/div>\n<\/div>\n\n\n\n<hr class=\"wp-block-separator has-alpha-channel-opacity is-style-wide\"\/>\n\n\n\n<p class=\"has-text-align-center\"><strong>PROMO\u00c7\u00d5ES<\/strong><\/p>\n\n\n\n<figure class=\"wp-container-19 wp-block-gallery-18 wp-block-gallery aligncenter has-nested-images columns-3 is-cropped\">\n<figure class=\"wp-block-image size-medium is-style-rounded\"><img loading=\"lazy\" width=\"300\" height=\"200\" data-id=\"73\"  src=\"https:\/\/krocokar.com.br\/wp-content\/uploads\/2022\/09\/CAR-PLAY-000-1-300x200.jpg\" alt=\"\" class=\"wp-image-73\" srcset=\"https:\/\/krocokar.com.br\/wp-content\/uploads\/2022\/09\/CAR-PLAY-000-1-300x200.jpg 300w, https:\/\/krocokar.com.br\/wp-content\/uploads\/2022\/09\/CAR-PLAY-000-1-768x512.jpg 768w, https:\/\/krocokar.com.br\/wp-content\/uploads\/2022\/09\/CAR-PLAY-000-1-600x400.jpg 600w, https:\/\/krocokar.com.br\/wp-content\/uploads\/2022\/09\/CAR-PLAY-000-1.jpg 1000w\" sizes=\"(max-width: 300px) 100vw, 300px\" \/><figcaption>CAR PLAY <\/figcaption><\/figure>\n\n\n\n<figure class=\"wp-block-image size-large is-style-rounded\"><img loading=\"lazy\" width=\"1024\" height=\"768\" data-id=\"108\"  src=\"https:\/\/krocokar.com.br\/wp-content\/uploads\/2022\/09\/b32fdaad-5599-4c18-a91a-f3dcbff9019c-1024x768.jpg\" alt=\"\" class=\"wp-image-108\" srcset=\"https:\/\/krocokar.com.br\/wp-content\/uploads\/2022\/09\/b32fdaad-5599-4c18-a91a-f3dcbff9019c-1024x768.jpg 1024w, https:\/\/krocokar.com.br\/wp-content\/uploads\/2022\/09\/b32fdaad-5599-4c18-a91a-f3dcbff9019c-300x225.jpg 300w, https:\/\/krocokar.com.br\/wp-content\/uploads\/2022\/09\/b32fdaad-5599-4c18-a91a-f3dcbff9019c-768x576.jpg 768w, https:\/\/krocokar.com.br\/wp-content\/uploads\/2022\/09\/b32fdaad-5599-4c18-a91a-f3dcbff9019c-1536x1152.jpg 1536w, https:\/\/krocokar.com.br\/wp-content\/uploads\/2022\/09\/b32fdaad-5599-4c18-a91a-f3dcbff9019c-600x450.jpg 600w, https:\/\/krocokar.com.br\/wp-content\/uploads\/2022\/09\/b32fdaad-5599-4c18-a91a-f3dcbff9019c.jpg 1600w\" sizes=\"(max-width: 1024px) 100vw, 1024px\" \/><figcaption>Lampadas de LED<\/figcaption><\/figure>\n\n\n\n<figure class=\"wp-block-image size-large is-style-rounded\"><img loading=\"lazy\" width=\"1024\" height=\"692\" data-id=\"139\"  src=\"https:\/\/krocokar.com.br\/wp-content\/uploads\/2022\/09\/WhatsApp-Image-2022-09-19-at-13.43.47-1-1024x692.jpeg\" alt=\"\" class=\"wp-image-139\" srcset=\"https:\/\/krocokar.com.br\/wp-content\/uploads\/2022\/09\/WhatsApp-Image-2022-09-19-at-13.43.47-1-1024x692.jpeg 1024w, https:\/\/krocokar.com.br\/wp-content\/uploads\/2022\/09\/WhatsApp-Image-2022-09-19-at-13.43.47-1-300x203.jpeg 300w, https:\/\/krocokar.com.br\/wp-content\/uploads\/2022\/09\/WhatsApp-Image-2022-09-19-at-13.43.47-1-768x519.jpeg 768w, https:\/\/krocokar.com.br\/wp-content\/uploads\/2022\/09\/WhatsApp-Image-2022-09-19-at-13.43.47-1-1536x1038.jpeg 1536w, https:\/\/krocokar.com.br\/wp-content\/uploads\/2022\/09\/WhatsApp-Image-2022-09-19-at-13.43.47-1-600x405.jpeg 600w, https:\/\/krocokar.com.br\/wp-content\/uploads\/2022\/09\/WhatsApp-Image-2022-09-19-at-13.43.47-1.jpeg 1600w\" sizes=\"(max-width: 1024px) 100vw, 1024px\" \/><figcaption>PROJETOS DE SOM AUTOMOTIVO<\/figcaption><\/figure>\n<\/figure>\n\n\n\n<hr class=\"wp-block-separator alignfull has-alpha-channel-opacity is-style-wide\"\/>\n\n\n\n<p class=\"has-text-align-center\"><strong>\u00daLTIMAS NOT\u00cdCIAS<\/strong><\/p>\n\n\n\n<div class=\"wp-container-23 wp-block-columns\">\n<div class=\"wp-container-20 wp-block-column\">\n<blockquote class=\"wp-block-quote\"><p><\/p><cite>Obrigado pela visita e pela confian\u00e7a em nosso trabalho. \u00c9 uma honra poder atender seus carros e da sua linda fam\u00edlia&nbsp;<a href=\"https:\/\/www.instagram.com\/cesarfilho\/\">@cesarfilho<\/a>. <br><strong><a href=\"https:\/\/www.instagram.com\/p\/CUYYulHFkCP\/\" target=\"_blank\" rel=\"noopener\">Clique para ver mais!<\/a><\/strong><\/cite><\/blockquote>\n\n\n<div class=\"wp-block-image\">\n<figure class=\"aligncenter size-full is-resized\"><img loading=\"lazy\" src=\"https:\/\/krocokar.com.br\/wp-content\/uploads\/2022\/09\/noticia-01.jpg\" alt=\"\" class=\"wp-image-98\" width=\"306\" height=\"306\" srcset=\"https:\/\/krocokar.com.br\/wp-content\/uploads\/2022\/09\/noticia-01.jpg 500w, https:\/\/krocokar.com.br\/wp-content\/uploads\/2022\/09\/noticia-01-300x300.jpg 300w, https:\/\/krocokar.com.br\/wp-content\/uploads\/2022\/09\/noticia-01-150x150.jpg 150w, https:\/\/krocokar.com.br\/wp-content\/uploads\/2022\/09\/noticia-01-100x100.jpg 100w\" sizes=\"(max-width: 306px) 100vw, 306px\" \/><\/figure><\/div><\/div>\n\n\n\n<div class=\"wp-container-21 wp-block-column\">\n<blockquote class=\"wp-block-quote\"><p><\/p><cite>Obrigado&nbsp;<a href=\"https:\/\/www.instagram.com\/key.alvees\/\">@key.alvees<\/a>&nbsp;por escolher a&nbsp;<a href=\"https:\/\/www.instagram.com\/krocokar\/\">@krocokar<\/a>&nbsp;para cuidar do seu carro. * envelopamos de preto fosco com material alem\u00e3o deixando o seu carro&#8230;&#8230;.. <strong><a href=\"https:\/\/www.instagram.com\/p\/Cgcwc9wP2qC\/\" target=\"_blank\" rel=\"noopener\">Clique para ver mais!<\/a><\/strong><\/cite><\/blockquote>\n\n\n<div class=\"wp-block-image\">\n<figure class=\"aligncenter size-full is-resized\"><img loading=\"lazy\" src=\"https:\/\/krocokar.com.br\/wp-content\/uploads\/2022\/09\/noticia-02.jpg\" alt=\"\" class=\"wp-image-100\" width=\"311\" height=\"311\" srcset=\"https:\/\/krocokar.com.br\/wp-content\/uploads\/2022\/09\/noticia-02.jpg 500w, https:\/\/krocokar.com.br\/wp-content\/uploads\/2022\/09\/noticia-02-300x300.jpg 300w, https:\/\/krocokar.com.br\/wp-content\/uploads\/2022\/09\/noticia-02-150x150.jpg 150w, https:\/\/krocokar.com.br\/wp-content\/uploads\/2022\/09\/noticia-02-100x100.jpg 100w\" sizes=\"(max-width: 311px) 100vw, 311px\" \/><\/figure><\/div><\/div>\n\n\n\n<div class=\"wp-container-22 wp-block-column\">\n<blockquote class=\"wp-block-quote\"><p><\/p><cite>BMW X6 2022, personalizada especial para um jogador famoso de futebol, fizemos todo o kit black, mudamos a cor do carro que antes era&#8230;&#8230;..<br><strong><a href=\"https:\/\/www.instagram.com\/p\/Cg2lkq4rvlT\/\" target=\"_blank\" rel=\"noopener\">Clique para ver mais!<\/a><\/strong><\/cite><\/blockquote>\n\n\n<div class=\"wp-block-image\">\n<figure class=\"aligncenter size-full is-resized\"><img loading=\"lazy\" src=\"https:\/\/krocokar.com.br\/wp-content\/uploads\/2022\/09\/noticia-03.jpg\" alt=\"\" class=\"wp-image-105\" width=\"308\" height=\"308\" srcset=\"https:\/\/krocokar.com.br\/wp-content\/uploads\/2022\/09\/noticia-03.jpg 500w, https:\/\/krocokar.com.br\/wp-content\/uploads\/2022\/09\/noticia-03-300x300.jpg 300w, https:\/\/krocokar.com.br\/wp-content\/uploads\/2022\/09\/noticia-03-150x150.jpg 150w, https:\/\/krocokar.com.br\/wp-content\/uploads\/2022\/09\/noticia-03-100x100.jpg 100w\" sizes=\"(max-width: 308px) 100vw, 308px\" \/><\/figure><\/div><\/div>\n<\/div>\n\n\n\n<div class=\"wp-container-26 wp-block-columns\">\n<div class=\"wp-container-24 wp-block-column\"><\/div>\n\n\n\n<div class=\"wp-container-25 wp-block-column is-vertically-aligned-top\"><\/div>\n<\/div>\n<\/div>","protected":false},"excerpt":{"rendered":"<div class=\"entry-content-stat post-content\"><p>KROCOKAR (SITE EM CONSTRU\u00c7\u00c3O) Loja de customiza\u00e7\u00e3o de ve\u00edculos, especializada em envelopamento, film, projeto de som e v\u00eddeo. Desde 1979<\/p>\n<\/div><a href=\"https:\/\/krocokar.com.br\/index.php\/krocokar\/\">Saiba mais!<i class=\"fa fa-long-arrow-right\" aria-hidden=\"true\"><\/i><\/a>","protected":false},"author":1,"featured_media":0,"parent":0,"menu_order":0,"comment_status":"closed","ping_status":"closed","template":"","meta":{"om_disable_all_campaigns":false,"_monsterinsights_skip_tracking":false,"_monsterinsights_sitenote_active":false,"_monsterinsights_sitenote_note":"","_monsterinsights_sitenote_category":0},"aioseo_notices":[],"_links":{"self":[{"href":"https:\/\/krocokar.com.br\/index.php\/wp-json\/wp\/v2\/pages\/20"}],"collection":[{"href":"https:\/\/krocokar.com.br\/index.php\/wp-json\/wp\/v2\/pages"}],"about":[{"href":"https:\/\/krocokar.com.br\/index.php\/wp-json\/wp\/v2\/types\/page"}],"author":[{"embeddable":true,"href":"https:\/\/krocokar.com.br\/index.php\/wp-json\/wp\/v2\/users\/1"}],"replies":[{"embeddable":true,"href":"https:\/\/krocokar.com.br\/index.php\/wp-json\/wp\/v2\/comments?post=20"}],"version-history":[{"count":106,"href":"https:\/\/krocokar.com.br\/index.php\/wp-json\/wp\/v2\/pages\/20\/revisions"}],"predecessor-version":[{"id":453,"href":"https:\/\/krocokar.com.br\/index.php\/wp-json\/wp\/v2\/pages\/20\/revisions\/453"}],"wp:attachment":[{"href":"https:\/\/krocokar.com.br\/index.php\/wp-json\/wp\/v2\/media?parent=20"}],"curies":[{"name":"wp","href":"https:\/\/api.w.org\/{rel}","templated":true}]}}