{"id":1058,"date":"2022-10-18T19:54:51","date_gmt":"2022-10-18T19:54:51","guid":{"rendered":"https:\/\/krocokar.com.br\/?page_id=1058"},"modified":"2022-10-18T20:04:46","modified_gmt":"2022-10-18T20:04:46","slug":"elementor-1058","status":"publish","type":"page","link":"https:\/\/krocokar.com.br\/index.php\/elementor-1058\/","title":{"rendered":"CARPLAY"},"content":{"rendered":"<div class=\"post-content\">\t\t<div data-elementor-type=\"wp-page\" data-elementor-id=\"1058\" class=\"elementor elementor-1058\">\n\t\t\t\t\t\t\t\t\t<section class=\"elementor-section elementor-top-section elementor-element elementor-element-99a38bf elementor-section-boxed elementor-section-height-default elementor-section-height-default\" data-id=\"99a38bf\" data-element_type=\"section\">\n\t\t\t\t\t\t<div class=\"elementor-container elementor-column-gap-default\">\n\t\t\t\t\t<div class=\"elementor-column elementor-col-100 elementor-top-column elementor-element elementor-element-0c1e1ac\" data-id=\"0c1e1ac\" data-element_type=\"column\">\n\t\t\t<div class=\"elementor-widget-wrap\">\n\t\t\t\t\t\t\t\t\t<\/div>\n\t\t<\/div>\n\t\t\t\t\t\t\t<\/div>\n\t\t<\/section>\n\t\t\t\t<section class=\"elementor-section elementor-top-section elementor-element elementor-element-e2baeaa elementor-section-full_width elementor-section-height-default elementor-section-height-default\" data-id=\"e2baeaa\" data-element_type=\"section\" data-settings=\"{&quot;background_background&quot;:&quot;classic&quot;}\">\n\t\t\t\t\t\t<div class=\"elementor-container elementor-column-gap-default\">\n\t\t\t\t\t<div class=\"elementor-column elementor-col-50 elementor-top-column elementor-element elementor-element-d3cf4a5\" data-id=\"d3cf4a5\" data-element_type=\"column\">\n\t\t\t<div class=\"elementor-widget-wrap elementor-element-populated\">\n\t\t\t\t\t\t\t\t<div class=\"elementor-element elementor-element-60f641b elementor-widget elementor-widget-image\" data-id=\"60f641b\" data-element_type=\"widget\" data-widget_type=\"image.default\">\n\t\t\t\t<div class=\"elementor-widget-container\">\n\t\t\t<style>\/*! elementor - v3.7.6 - 15-09-2022 *\/\n.elementor-widget-image{text-align:center}.elementor-widget-image a{display:inline-block}.elementor-widget-image a img[src$=\".svg\"]{width:48px}.elementor-widget-image img{vertical-align:middle;display:inline-block}<\/style>\t\t\t\t\t\t\t\t\t\t\t\t<img width=\"640\" height=\"483\" src=\"https:\/\/krocokar.com.br\/wp-content\/uploads\/2022\/10\/SITE_07.jpg\" class=\"attachment-large size-large\" alt=\"\" loading=\"lazy\" srcset=\"https:\/\/krocokar.com.br\/wp-content\/uploads\/2022\/10\/SITE_07.jpg 659w, https:\/\/krocokar.com.br\/wp-content\/uploads\/2022\/10\/SITE_07-300x226.jpg 300w, https:\/\/krocokar.com.br\/wp-content\/uploads\/2022\/10\/SITE_07-600x453.jpg 600w\" sizes=\"(max-width: 640px) 100vw, 640px\" \/>\t\t\t\t\t\t\t\t\t\t\t\t\t\t\t<\/div>\n\t\t\t\t<\/div>\n\t\t\t\t\t<\/div>\n\t\t<\/div>\n\t\t\t\t<div class=\"elementor-column elementor-col-50 elementor-top-column elementor-element elementor-element-8e4023e\" data-id=\"8e4023e\" data-element_type=\"column\">\n\t\t\t<div class=\"elementor-widget-wrap elementor-element-populated\">\n\t\t\t\t\t\t\t\t<div class=\"elementor-element elementor-element-73a7801 elementor-widget elementor-widget-image\" data-id=\"73a7801\" data-element_type=\"widget\" data-widget_type=\"image.default\">\n\t\t\t\t<div class=\"elementor-widget-container\">\n\t\t\t\t\t\t\t\t\t\t\t\t\t\t\t<img width=\"639\" height=\"497\" src=\"https:\/\/krocokar.com.br\/wp-content\/uploads\/2022\/10\/SITE_06.jpg\" class=\"attachment-large size-large\" alt=\"\" loading=\"lazy\" srcset=\"https:\/\/krocokar.com.br\/wp-content\/uploads\/2022\/10\/SITE_06.jpg 639w, https:\/\/krocokar.com.br\/wp-content\/uploads\/2022\/10\/SITE_06-300x233.jpg 300w, https:\/\/krocokar.com.br\/wp-content\/uploads\/2022\/10\/SITE_06-600x467.jpg 600w\" sizes=\"(max-width: 639px) 100vw, 639px\" \/>\t\t\t\t\t\t\t\t\t\t\t\t\t\t\t<\/div>\n\t\t\t\t<\/div>\n\t\t\t\t\t<\/div>\n\t\t<\/div>\n\t\t\t\t\t\t\t<\/div>\n\t\t<\/section>\n\t\t\t\t<section class=\"elementor-section elementor-top-section elementor-element elementor-element-b34b33e elementor-section-full_width elementor-section-height-default elementor-section-height-default\" data-id=\"b34b33e\" data-element_type=\"section\">\n\t\t\t\t\t\t<div class=\"elementor-container elementor-column-gap-default\">\n\t\t\t\t\t<div class=\"elementor-column elementor-col-100 elementor-top-column elementor-element elementor-element-53bec56\" data-id=\"53bec56\" data-element_type=\"column\">\n\t\t\t<div class=\"elementor-widget-wrap elementor-element-populated\">\n\t\t\t\t\t\t\t\t<div class=\"elementor-element elementor-element-99b6e64 elementor-widget elementor-widget-text-editor\" data-id=\"99b6e64\" data-element_type=\"widget\" data-widget_type=\"text-editor.default\">\n\t\t\t\t<div class=\"elementor-widget-container\">\n\t\t\t<style>\/*! elementor - v3.7.6 - 15-09-2022 *\/\n.elementor-widget-text-editor.elementor-drop-cap-view-stacked .elementor-drop-cap{background-color:#818a91;color:#fff}.elementor-widget-text-editor.elementor-drop-cap-view-framed .elementor-drop-cap{color:#818a91;border:3px solid;background-color:transparent}.elementor-widget-text-editor:not(.elementor-drop-cap-view-default) .elementor-drop-cap{margin-top:8px}.elementor-widget-text-editor:not(.elementor-drop-cap-view-default) .elementor-drop-cap-letter{width:1em;height:1em}.elementor-widget-text-editor .elementor-drop-cap{float:left;text-align:center;line-height:1;font-size:50px}.elementor-widget-text-editor .elementor-drop-cap-letter{display:inline-block}<\/style>\t\t\t\t<p>O CarPlay \u00e9 uma maneira mais inteligente e segura de usar o iPhone enquanto voc\u00ea dirige. Voc\u00ea pode ver o itiner\u00e1rio, fazer liga\u00e7\u00f5es, enviar e receber mensagens e curtir suas m\u00fasicas. Tudo na tela integrada do seu carro. E o CarPlay agora traz mais categorias de apps e imagens de fundo personalizadas para o Painel\u00a0do\u00a0CarPlay.<\/p>\t\t\t\t\t\t<\/div>\n\t\t\t\t<\/div>\n\t\t\t\t\t<\/div>\n\t\t<\/div>\n\t\t\t\t\t\t\t<\/div>\n\t\t<\/section>\n\t\t\t\t\t\t\t<\/div>\n\t\t<\/div>","protected":false},"excerpt":{"rendered":"<div class=\"entry-content-stat post-content\"><p>O CarPlay \u00e9 uma maneira mais inteligente e segura de usar o iPhone enquanto voc\u00ea dirige. Voc\u00ea pode ver o<\/p>\n<\/div><a href=\"https:\/\/krocokar.com.br\/index.php\/elementor-1058\/\">Saiba mais!<i class=\"fa fa-long-arrow-right\" aria-hidden=\"true\"><\/i><\/a>","protected":false},"author":1,"featured_media":0,"parent":0,"menu_order":0,"comment_status":"closed","ping_status":"closed","template":"","meta":{"om_disable_all_campaigns":false,"_monsterinsights_skip_tracking":false,"_monsterinsights_sitenote_active":false,"_monsterinsights_sitenote_note":"","_monsterinsights_sitenote_category":0},"aioseo_notices":[],"_links":{"self":[{"href":"https:\/\/krocokar.com.br\/index.php\/wp-json\/wp\/v2\/pages\/1058"}],"collection":[{"href":"https:\/\/krocokar.com.br\/index.php\/wp-json\/wp\/v2\/pages"}],"about":[{"href":"https:\/\/krocokar.com.br\/index.php\/wp-json\/wp\/v2\/types\/page"}],"author":[{"embeddable":true,"href":"https:\/\/krocokar.com.br\/index.php\/wp-json\/wp\/v2\/users\/1"}],"replies":[{"embeddable":true,"href":"https:\/\/krocokar.com.br\/index.php\/wp-json\/wp\/v2\/comments?post=1058"}],"version-history":[{"count":5,"href":"https:\/\/krocokar.com.br\/index.php\/wp-json\/wp\/v2\/pages\/1058\/revisions"}],"predecessor-version":[{"id":1064,"href":"https:\/\/krocokar.com.br\/index.php\/wp-json\/wp\/v2\/pages\/1058\/revisions\/1064"}],"wp:attachment":[{"href":"https:\/\/krocokar.com.br\/index.php\/wp-json\/wp\/v2\/media?parent=1058"}],"curies":[{"name":"wp","href":"https:\/\/api.w.org\/{rel}","templated":true}]}}